{"id":22,"date":"2020-05-19T15:14:32","date_gmt":"2020-05-19T15:14:32","guid":{"rendered":"https:\/\/www.utn.edu.ec\/deportes\/?page_id=22"},"modified":"2020-08-17T14:39:01","modified_gmt":"2020-08-17T14:39:01","slug":"mision-y-vision","status":"publish","type":"page","link":"https:\/\/deportes.utn.edu.ec\/index.php\/mision-y-vision\/","title":{"rendered":"Misi\u00f3n y Visi\u00f3n"},"content":{"rendered":"\n<p style=\"text-align:center\">                                                                             <strong>Misi\u00f3n<\/strong>                                                                                                                                                                   La Coordinaci\u00f3n de Deportes es una unidad\u00a0 administrativa\u00a0 adscrita\u00a0 a la Direcci\u00f3n de Vinculaci\u00f3n con la Colectividad de la Universidad T\u00e9cnica del Norte,\u00a0 que\u00a0 contribuye al desarrollo\u00a0 integral\u00a0 y a\u00a0 mejorar la calidad de vida\u00a0 de la comunidad universitaria y de la sociedad en general de la Zona 1 del pa\u00eds, mediante la formulaci\u00f3n y la propuesta de pol\u00edticas, planes, programas y proyectos\u00a0 orientados al desarrollo\u00a0 del deporte a\u00a0 nivel interno y externo,\u00a0 a la pr\u00e1ctica de la actividad f\u00edsica y recreaci\u00f3n, al asesoramiento y capacitaci\u00f3n en el \u00e1rea deportiva, a la investigaci\u00f3n y rescate de los deportes ecuatorianos, organizando eventos deportivos internos y externos,\u00a0 administrando de manera eficiente y sustentable los recursos y escenarios deportivos, a trav\u00e9s de un accionar basado en la responsabilidad social, \u00e9tica, humanista y enmarcado en el cumplimiento de\u00a0 los objetivos institucionales y del Plan Nacional de Desarrollo vigente.  <\/p>\n\n\n\n<p style=\"text-align:center\">                                                                             <strong> Visi\u00f3n<\/strong>                                                                                                                                                                  En el 2022 la Coordinaci\u00f3n de Deportes y Recreaci\u00f3n, ser\u00e1 la unidad administrativa de la Universidad T\u00e9cnica del Norte, que se posicionar\u00e1\u00a0en el pa\u00eds como un referente de promoci\u00f3n y desarrollo del deporte universitario, aportando a mejorar la calidad de vida de las personas que conforman la comunidad, a trav\u00e9s de una gesti\u00f3n de servicio y administraci\u00f3n de recursos efectiva, a la ejecuci\u00f3n de programas de calidad que, aporten en la formaci\u00f3n integral de las personas y promuevan un estilo de vida saludable. <\/p>\n\n\n\n<p><\/p>\n\n\n\n<p><\/p>\n","protected":false},"excerpt":{"rendered":"<p>Misi\u00f3n La Coordinaci\u00f3n de Deportes es una unidad\u00a0 administrativa\u00a0 adscrita\u00a0 a la Direcci\u00f3n de Vinculaci\u00f3n con la Colectividad de la Universidad T\u00e9cnica del Norte,\u00a0 que\u00a0 contribuye al desarrollo\u00a0 integral\u00a0 y a\u00a0 mejorar<a class=\"moretag\" href=\"https:\/\/deportes.utn.edu.ec\/index.php\/mision-y-vision\/\">Read More&#8230;<\/a><\/p>\n","protected":false},"author":1,"featured_media":0,"parent":0,"menu_order":0,"comment_status":"closed","ping_status":"closed","template":"","meta":{"footnotes":""},"class_list":["post-22","page","type-page","status-publish","hentry"],"_links":{"self":[{"href":"https:\/\/deportes.utn.edu.ec\/index.php\/wp-json\/wp\/v2\/pages\/22","targetHints":{"allow":["GET"]}}],"collection":[{"href":"https:\/\/deportes.utn.edu.ec\/index.php\/wp-json\/wp\/v2\/pages"}],"about":[{"href":"https:\/\/deportes.utn.edu.ec\/index.php\/wp-json\/wp\/v2\/types\/page"}],"author":[{"embeddable":true,"href":"https:\/\/deportes.utn.edu.ec\/index.php\/wp-json\/wp\/v2\/users\/1"}],"replies":[{"embeddable":true,"href":"https:\/\/deportes.utn.edu.ec\/index.php\/wp-json\/wp\/v2\/comments?post=22"}],"version-history":[{"count":4,"href":"https:\/\/deportes.utn.edu.ec\/index.php\/wp-json\/wp\/v2\/pages\/22\/revisions"}],"predecessor-version":[{"id":49,"href":"https:\/\/deportes.utn.edu.ec\/index.php\/wp-json\/wp\/v2\/pages\/22\/revisions\/49"}],"wp:attachment":[{"href":"https:\/\/deportes.utn.edu.ec\/index.php\/wp-json\/wp\/v2\/media?parent=22"}],"curies":[{"name":"wp","href":"https:\/\/api.w.org\/{rel}","templated":true}]}}